{"id":7,"date":"2013-08-23T22:59:30","date_gmt":"2013-08-23T22:59:30","guid":{"rendered":"http:\/\/www.jralmeida.com\/?page_id=7"},"modified":"2013-08-23T22:59:30","modified_gmt":"2013-08-23T22:59:30","slug":"kino","status":"publish","type":"page","link":"https:\/\/www.jralmeida.com\/?page_id=7","title":{"rendered":"CINEMA e LIVROS"},"content":{"rendered":"<p style=\"text-align: justify;\"><strong>Boxe (1997)<\/strong><br \/>\nUm combate de boxe entre dois pugilistas feitos de recortes de jornais, ao som de uma can\u00e7\u00e3o de Vissotski<\/p>\n<p><strong>Com uma sombra na alma (2004)<\/strong><br \/>\nO ci\u00fame. A irracionalidade de um sentimento poderoso que nada resolve.<br \/>\nGrande Pr\u00e9mio do Ovarv\u00eddeo, Festival de<br \/>\nV\u00eddeo de Ovar (2005), Men\u00e7\u00e3o Honrosa \u201cOnda Curta\u201d do Corta! Festival<br \/>\nInternacional de Curtas Metragens do Porto (2006)<\/p>\n<p><iframe loading=\"lazy\" src=\"\/\/player.vimeo.com\/video\/15356026?byline=0&amp;portrait=0&amp;color=ffffff\" height=\"397\" width=\"650\" allowfullscreen=\"\" frameborder=\"0\"><\/iframe><\/p>\n<p><strong>OP Bel\u00f4 (2010)<\/strong><br \/>\nDocument\u00e1rio que retrata criticamente o processo de Or\u00e7amento Participativo em Belo Horizonte, Brasil (2010).<br \/>\nSelec\u00e7\u00e3o oficial do DocLisboa 2010.<\/p>\n<p><iframe loading=\"lazy\" src=\"\/\/player.vimeo.com\/video\/22084457?byline=0&amp;portrait=0&amp;color=ffffff\" height=\"366\" width=\"650\" allowfullscreen=\"\" frameborder=\"0\"><\/iframe><\/p>\n<p><strong>Caf\u00e9 (2012)<\/strong><br \/>\nUma cidade que parece estranha vista da montra de um caf\u00e9 (exerc\u00edcio do mestrado em cinema)<\/p>\n<p><strong>Armila (2013)<\/strong><br \/>\nO que pensa quem est\u00e1 a morrer, fechado numa casa (exerc\u00edcio do mestrado em cinema)<\/p>\n<p><strong>Clip Desamor (2008)<\/strong><br \/>\nExerc\u00edcio do curso do Cenjor de jornalismo digital)<\/p>\n<p><strong>Clip Chove em Bel\u00f4 (2010)<\/strong><\/p>\n<p><strong>&#8220;Elei\u00e7\u00f5es viciadas? O fr\u00e1gil destino dos votos&#8221;. (2008)<\/strong><br \/>\nUm livro sobre as fragilidades do processo eleitoral nacional e como \u00e9 f\u00e1cil que os resultados eleitorais n\u00e3o sejam aqueles que o povo desejou.<\/p>\n<p><iframe loading=\"lazy\" src=\"\/\/www.youtube.com\/embed\/TUPSSXZ2cTA?rel=0\" height=\"480\" width=\"640\" allowfullscreen=\"\" frameborder=\"0\"><\/iframe><\/p>\n<p>&nbsp;<\/p>\n","protected":false},"excerpt":{"rendered":"<p>Boxe (1997) Um combate de boxe entre dois pugilistas feitos de recortes de jornais, ao som de uma can\u00e7\u00e3o de Vissotski Com uma sombra na alma (2004) O ci\u00fame. A irracionalidade de um sentimento poderoso que nada resolve. Grande Pr\u00e9mio do Ovarv\u00eddeo, Festival de V\u00eddeo de Ovar (2005), Men\u00e7\u00e3o Honrosa \u201cOnda Curta\u201d do Corta! Festival [&hellip;]<\/p>\n","protected":false},"author":1,"featured_media":0,"parent":0,"menu_order":0,"comment_status":"open","ping_status":"open","template":"page_compact.php","meta":{"footnotes":""},"class_list":["post-7","page","type-page","status-publish","hentry"],"_links":{"self":[{"href":"https:\/\/www.jralmeida.com\/index.php?rest_route=\/wp\/v2\/pages\/7","targetHints":{"allow":["GET"]}}],"collection":[{"href":"https:\/\/www.jralmeida.com\/index.php?rest_route=\/wp\/v2\/pages"}],"about":[{"href":"https:\/\/www.jralmeida.com\/index.php?rest_route=\/wp\/v2\/types\/page"}],"author":[{"embeddable":true,"href":"https:\/\/www.jralmeida.com\/index.php?rest_route=\/wp\/v2\/users\/1"}],"replies":[{"embeddable":true,"href":"https:\/\/www.jralmeida.com\/index.php?rest_route=%2Fwp%2Fv2%2Fcomments&post=7"}],"version-history":[{"count":0,"href":"https:\/\/www.jralmeida.com\/index.php?rest_route=\/wp\/v2\/pages\/7\/revisions"}],"wp:attachment":[{"href":"https:\/\/www.jralmeida.com\/index.php?rest_route=%2Fwp%2Fv2%2Fmedia&parent=7"}],"curies":[{"name":"wp","href":"https:\/\/api.w.org\/{rel}","templated":true}]}}