{"id":8,"date":"2013-08-23T22:59:59","date_gmt":"2013-08-23T22:59:59","guid":{"rendered":"http:\/\/www.jralmeida.com\/?page_id=8"},"modified":"2013-08-23T22:59:59","modified_gmt":"2013-08-23T22:59:59","slug":"recomendacoes","status":"publish","type":"page","link":"https:\/\/www.jralmeida.com\/?page_id=8","title":{"rendered":"RECOMENDA\u00c7\u00d5ES"},"content":{"rendered":"<p><img loading=\"lazy\" decoding=\"async\" class=\"alignnone size-full wp-image-102\" alt=\"Carta de Jorge Wemans RTP\" src=\"http:\/\/www.jralmeida.com\/wp-content\/uploads\/2013\/08\/Carta-de-Jorge-Wemans-RTP.jpg\" width=\"1224\" height=\"1752\" \/><\/p>\n<p style=\"text-align: justify;\">CARTA DE RECOMENDA\u00c7\u00c3O<\/p>\n<p style=\"text-align: justify;\">Conhe\u00e7o o Jo\u00e3o Ramos de Almeida h\u00e1 cerca de 30 anos.<\/p>\n<p>Trabalh\u00e1mos juntos no P\u00fablico e encontr\u00e1mo-nos profissionalmente muitas vezes.<\/p>\n<p>Como profissional, o Jo\u00e3o Ramos de Almeida \u00e9 altamente focado nos temas que trata, domina profundamente os assuntos sobre que escreve e tem uma invej\u00e1vel rede de contactos em \u00e1reas da administra\u00e7\u00e3o p\u00fablica de muito dif\u00edcil acesso (nomeadamente no dom\u00ednio fiscal), que me atrevo a dizer que nenhum outro jornalista tem.<\/p>\n<p>N\u00e3o s\u00f3 escreve bem, como tem a preocupa\u00e7\u00e3o de descodificar os temas sobre que escreve, normalmente \u00e1ridos e complexos, por forma a tornar os assuntos facilmente compreens\u00edveis pelos leitores.<\/p>\n<p>O Jo\u00e3o integra-se bem nas equipas, mostra-se sempre dispon\u00edvel para apoiar os colegas e, sempre que necess\u00e1rio, coordena e lidera os trabalhos de uma forma discreta mas muito eficaz.<\/p>\n<p>Finalmente, o que n\u00e3o \u00e9 de menos, fora do campo profissional, o Jo\u00e3o Ramos de Almeida \u00e9 uma excelente pessoa.<\/p>\n<p style=\"text-align: right;\">Nicolau Santos<\/p>\n<\/blockquote>\n<p><img loading=\"lazy\" decoding=\"async\" class=\"alignnone size-full wp-image-65\" alt=\"Carta de Pedro Camacho Visa\u0303o\" src=\"http:\/\/www.jralmeida.com\/wp-content\/uploads\/2013\/08\/Carta-de-Pedro-Camacho-Visa\u0303o.jpg\" width=\"1241\" height=\"1755\" \/><\/p>\n<blockquote>\n","protected":false},"excerpt":{"rendered":"<p>CARTA DE RECOMENDA\u00c7\u00c3O Conhe\u00e7o o Jo\u00e3o Ramos de Almeida h\u00e1 cerca de 30 anos. Trabalh\u00e1mos juntos no P\u00fablico e encontr\u00e1mo-nos profissionalmente muitas vezes. Como profissional, o Jo\u00e3o Ramos de Almeida \u00e9 altamente focado nos temas que trata, domina profundamente os assuntos sobre que escreve e tem uma invej\u00e1vel rede de contactos em \u00e1reas da administra\u00e7\u00e3o [&hellip;]<\/p>\n","protected":false},"author":1,"featured_media":0,"parent":0,"menu_order":0,"comment_status":"open","ping_status":"closed","template":"page_compact.php","meta":{"footnotes":""},"class_list":["post-8","page","type-page","status-publish","hentry"],"_links":{"self":[{"href":"https:\/\/www.jralmeida.com\/index.php?rest_route=\/wp\/v2\/pages\/8","targetHints":{"allow":["GET"]}}],"collection":[{"href":"https:\/\/www.jralmeida.com\/index.php?rest_route=\/wp\/v2\/pages"}],"about":[{"href":"https:\/\/www.jralmeida.com\/index.php?rest_route=\/wp\/v2\/types\/page"}],"author":[{"embeddable":true,"href":"https:\/\/www.jralmeida.com\/index.php?rest_route=\/wp\/v2\/users\/1"}],"replies":[{"embeddable":true,"href":"https:\/\/www.jralmeida.com\/index.php?rest_route=%2Fwp%2Fv2%2Fcomments&post=8"}],"version-history":[{"count":0,"href":"https:\/\/www.jralmeida.com\/index.php?rest_route=\/wp\/v2\/pages\/8\/revisions"}],"wp:attachment":[{"href":"https:\/\/www.jralmeida.com\/index.php?rest_route=%2Fwp%2Fv2%2Fmedia&parent=8"}],"curies":[{"name":"wp","href":"https:\/\/api.w.org\/{rel}","templated":true}]}}